{"id":523,"date":"2023-07-26T17:37:00","date_gmt":"2023-07-26T16:37:00","guid":{"rendered":"https:\/\/autocentermertens.be\/bedrijf-geschiedenis\/"},"modified":"2023-10-20T07:41:52","modified_gmt":"2023-10-20T06:41:52","slug":"bedrijf-geschiedenis","status":"publish","type":"page","link":"https:\/\/autocentermertens.be\/fr\/bedrijf-geschiedenis\/","title":{"rendered":"Historique"},"content":{"rendered":"\t\t<div data-elementor-type=\"wp-page\" data-elementor-id=\"523\" class=\"elementor elementor-523 elementor-117\" data-elementor-post-type=\"page\">\n\t\t\t\t\t\t\t\t\t<section class=\"elementor-section elementor-top-section elementor-element elementor-element-a9f6ab8 elementor-section-content-middle elementor-section-boxed elementor-section-height-default elementor-section-height-default\" data-id=\"a9f6ab8\" data-element_type=\"section\">\n\t\t\t\t\t\t<div class=\"elementor-container elementor-column-gap-default\">\n\t\t\t\t\t<div class=\"elementor-column elementor-col-50 elementor-top-column elementor-element elementor-element-d59d8d4\" data-id=\"d59d8d4\" data-element_type=\"column\">\n\t\t\t<div class=\"elementor-widget-wrap elementor-element-populated\">\n\t\t\t\t\t\t\t\t<section class=\"elementor-section elementor-inner-section elementor-element elementor-element-b8b8598 elementor-section-boxed elementor-section-height-default elementor-section-height-default\" data-id=\"b8b8598\" data-element_type=\"section\">\n\t\t\t\t\t\t<div class=\"elementor-container elementor-column-gap-default\">\n\t\t\t\t\t<div class=\"elementor-column elementor-col-50 elementor-inner-column elementor-element elementor-element-9126fa1\" data-id=\"9126fa1\" data-element_type=\"column\">\n\t\t\t<div class=\"elementor-widget-wrap elementor-element-populated\">\n\t\t\t\t\t\t\t\t<div class=\"elementor-element elementor-element-1dff5f0 elementor-widget elementor-widget-image\" data-id=\"1dff5f0\" data-element_type=\"widget\" data-widget_type=\"image.default\">\n\t\t\t\t<div class=\"elementor-widget-container\">\n\t\t\t<style>\/*! elementor - v3.14.0 - 26-06-2023 *\/\n.elementor-widget-image{text-align:center}.elementor-widget-image a{display:inline-block}.elementor-widget-image a img[src$=\".svg\"]{width:48px}.elementor-widget-image img{vertical-align:middle;display:inline-block}<\/style>\t\t\t\t\t\t\t\t\t\t\t\t<img decoding=\"async\" width=\"1024\" height=\"683\" src=\"https:\/\/autocentermertens.be\/wp-content\/uploads\/2023\/09\/IMG_3769.jpg\" class=\"attachment-large size-large wp-image-402\" alt=\"Autocenter Mertens geschiedenis\" loading=\"lazy\" srcset=\"https:\/\/autocentermertens.be\/wp-content\/uploads\/2023\/09\/IMG_3769.jpg 1024w, https:\/\/autocentermertens.be\/wp-content\/uploads\/2023\/09\/IMG_3769-300x200.jpg 300w, https:\/\/autocentermertens.be\/wp-content\/uploads\/2023\/09\/IMG_3769-768x512.jpg 768w, https:\/\/autocentermertens.be\/wp-content\/uploads\/2023\/09\/IMG_3769-1536x1024.jpg 1536w, https:\/\/autocentermertens.be\/wp-content\/uploads\/2023\/09\/IMG_3769-2048x1365.jpg 2048w\" sizes=\"(max-width: 1024px) 100vw, 1024px\" \/>\t\t\t\t\t\t\t\t\t\t\t\t\t\t\t<\/div>\n\t\t\t\t<\/div>\n\t\t\t\t\t<\/div>\n\t\t<\/div>\n\t\t\t\t<div class=\"elementor-column elementor-col-50 elementor-inner-column elementor-element elementor-element-93a1ee3\" data-id=\"93a1ee3\" data-element_type=\"column\">\n\t\t\t<div class=\"elementor-widget-wrap elementor-element-populated\">\n\t\t\t\t\t\t\t\t<div class=\"elementor-element elementor-element-1f10a92 elementor-widget elementor-widget-image\" data-id=\"1f10a92\" data-element_type=\"widget\" data-widget_type=\"image.default\">\n\t\t\t\t<div class=\"elementor-widget-container\">\n\t\t\t\t\t\t\t\t\t\t\t\t\t\t\t<img decoding=\"async\" width=\"1024\" height=\"683\" src=\"https:\/\/autocentermertens.be\/wp-content\/uploads\/2023\/09\/IMG_3790.jpg\" class=\"attachment-large size-large wp-image-399\" alt=\"Autocenter Mertens geschiedenis\" loading=\"lazy\" srcset=\"https:\/\/autocentermertens.be\/wp-content\/uploads\/2023\/09\/IMG_3790.jpg 1024w, https:\/\/autocentermertens.be\/wp-content\/uploads\/2023\/09\/IMG_3790-300x200.jpg 300w, https:\/\/autocentermertens.be\/wp-content\/uploads\/2023\/09\/IMG_3790-768x512.jpg 768w, https:\/\/autocentermertens.be\/wp-content\/uploads\/2023\/09\/IMG_3790-1536x1024.jpg 1536w, https:\/\/autocentermertens.be\/wp-content\/uploads\/2023\/09\/IMG_3790-2048x1365.jpg 2048w\" sizes=\"(max-width: 1024px) 100vw, 1024px\" \/>\t\t\t\t\t\t\t\t\t\t\t\t\t\t\t<\/div>\n\t\t\t\t<\/div>\n\t\t\t\t\t<\/div>\n\t\t<\/div>\n\t\t\t\t\t\t\t<\/div>\n\t\t<\/section>\n\t\t\t\t\t<\/div>\n\t\t<\/div>\n\t\t\t\t<div class=\"elementor-column elementor-col-50 elementor-top-column elementor-element elementor-element-f2fc16f\" data-id=\"f2fc16f\" data-element_type=\"column\">\n\t\t\t<div class=\"elementor-widget-wrap elementor-element-populated\">\n\t\t\t\t\t\t\t\t<div class=\"elementor-element elementor-element-c12ac65 elementor-widget elementor-widget-text-editor\" data-id=\"c12ac65\" data-element_type=\"widget\" data-widget_type=\"text-editor.default\">\n\t\t\t\t<div class=\"elementor-widget-container\">\n\t\t\t<style>\/*! elementor - v3.14.0 - 26-06-2023 *\/\n.elementor-widget-text-editor.elementor-drop-cap-view-stacked .elementor-drop-cap{background-color:#69727d;color:#fff}.elementor-widget-text-editor.elementor-drop-cap-view-framed .elementor-drop-cap{color:#69727d;border:3px solid;background-color:transparent}.elementor-widget-text-editor:not(.elementor-drop-cap-view-default) .elementor-drop-cap{margin-top:8px}.elementor-widget-text-editor:not(.elementor-drop-cap-view-default) .elementor-drop-cap-letter{width:1em;height:1em}.elementor-widget-text-editor .elementor-drop-cap{float:left;text-align:center;line-height:1;font-size:50px}.elementor-widget-text-editor .elementor-drop-cap-letter{display:inline-block}<\/style>\t\t\t\t<p class=\"p1\">Le garage fut fond\u00e9 en 1930 par Alfons Mertens et ses 2 fils, Jan et Frans,<span class=\"Apple-converted-space\">\u00a0<\/span><\/p><p class=\"p1\">\u00e0 Grimbergen, chausse\u00e9 de Beigem en face de la gare du tram.<\/p><p class=\"p1\">En ce temps l\u00e2, c\u2019\u00e9tait un garage ind\u00e9pendant ou on faisait, l\u2019entretien et la r\u00e9paration de voitures, de camionettes et de camions. De temps \u00e0 autre se vendait une Citro\u00ebn (Alfons Mertens travaillait avant chez Citro\u00ebn \u00e0 Bruxelles).<\/p><p class=\"p1\">Apr\u00e8s la deuxi\u00e8me guerre en 1948 ils d\u00e9butent avec la distribution de marque Dodge.<\/p><p class=\"p1\">Le fils Jan Mertens quitte l\u2019affaire familiale en 1955 et commence un garage Opel \u00e0 Grimbergen.<\/p><p class=\"p1\">Le fils Frans Mertens commence avec la distribution de la marque Fiat et \u00e9tablit \u00e0 Nieuwenrode un centre pour carrosserie.<\/p><p class=\"p1\">Les fils de Frans Mertens, Robert et Ren\u00e9 ont construit en 1972 sur l\u2019emplacement actuel un nouveau garage dans lequel sera aussi h\u00e9berger la carrosserie.<\/p>\t\t\t\t\t\t<\/div>\n\t\t\t\t<\/div>\n\t\t\t\t\t<\/div>\n\t\t<\/div>\n\t\t\t\t\t\t\t<\/div>\n\t\t<\/section>\n\t\t\t\t<section class=\"elementor-section elementor-top-section elementor-element elementor-element-ea815fe elementor-section-full_width elementor-section-height-default elementor-section-height-default\" data-id=\"ea815fe\" data-element_type=\"section\">\n\t\t\t\t\t\t<div class=\"elementor-container elementor-column-gap-default\">\n\t\t\t\t\t<div class=\"elementor-column elementor-col-100 elementor-top-column elementor-element elementor-element-d0f3c2a\" data-id=\"d0f3c2a\" data-element_type=\"column\">\n\t\t\t<div class=\"elementor-widget-wrap elementor-element-populated\">\n\t\t\t\t\t\t\t\t<div class=\"elementor-element elementor-element-7e55868 elementor-arrows-position-inside elementor-pagination-position-outside elementor-widget elementor-widget-image-carousel\" data-id=\"7e55868\" data-element_type=\"widget\" data-settings=\"{&quot;slides_to_show&quot;:&quot;3&quot;,&quot;slides_to_scroll&quot;:&quot;1&quot;,&quot;image_spacing_custom&quot;:{&quot;unit&quot;:&quot;px&quot;,&quot;size&quot;:30,&quot;sizes&quot;:[]},&quot;pause_on_hover&quot;:&quot;no&quot;,&quot;navigation&quot;:&quot;both&quot;,&quot;autoplay&quot;:&quot;yes&quot;,&quot;pause_on_interaction&quot;:&quot;yes&quot;,&quot;autoplay_speed&quot;:5000,&quot;infinite&quot;:&quot;yes&quot;,&quot;speed&quot;:500,&quot;image_spacing_custom_tablet&quot;:{&quot;unit&quot;:&quot;px&quot;,&quot;size&quot;:&quot;&quot;,&quot;sizes&quot;:[]},&quot;image_spacing_custom_mobile&quot;:{&quot;unit&quot;:&quot;px&quot;,&quot;size&quot;:&quot;&quot;,&quot;sizes&quot;:[]}}\" data-widget_type=\"image-carousel.default\">\n\t\t\t\t<div class=\"elementor-widget-container\">\n\t\t\t<style>\/*! elementor - v3.14.0 - 26-06-2023 *\/\n.elementor-widget-image-carousel .swiper,.elementor-widget-image-carousel .swiper-container{position:static}.elementor-widget-image-carousel .swiper-container .swiper-slide figure,.elementor-widget-image-carousel .swiper .swiper-slide figure{line-height:inherit}.elementor-widget-image-carousel .swiper-slide{text-align:center}.elementor-image-carousel-wrapper:not(.swiper-container-initialized):not(.swiper-initialized) .swiper-slide{max-width:calc(100% \/ var(--e-image-carousel-slides-to-show, 3))}<\/style>\t\t<div class=\"elementor-image-carousel-wrapper swiper-container\" dir=\"ltr\">\n\t\t\t<div class=\"elementor-image-carousel swiper-wrapper\" aria-live=\"off\">\n\t\t\t\t\t\t\t\t<div class=\"swiper-slide\" role=\"group\" aria-roledescription=\"slide\" aria-label=\"1 de 12\"><figure class=\"swiper-slide-inner\"><img decoding=\"async\" class=\"swiper-slide-image\" src=\"https:\/\/autocentermertens.be\/wp-content\/uploads\/2023\/10\/IMG_3789-2048x1365.jpg\" alt=\"IMG_3789\" \/><\/figure><\/div><div class=\"swiper-slide\" role=\"group\" aria-roledescription=\"slide\" aria-label=\"2 de 12\"><figure class=\"swiper-slide-inner\"><img decoding=\"async\" class=\"swiper-slide-image\" src=\"https:\/\/autocentermertens.be\/wp-content\/uploads\/2023\/10\/IMG_3788-2048x1365.jpg\" alt=\"IMG_3788\" \/><\/figure><\/div><div class=\"swiper-slide\" role=\"group\" aria-roledescription=\"slide\" aria-label=\"3 de 12\"><figure class=\"swiper-slide-inner\"><img decoding=\"async\" class=\"swiper-slide-image\" src=\"https:\/\/autocentermertens.be\/wp-content\/uploads\/2023\/10\/IMG_3785-2048x1365.jpg\" alt=\"IMG_3785\" \/><\/figure><\/div><div class=\"swiper-slide\" role=\"group\" aria-roledescription=\"slide\" aria-label=\"4 de 12\"><figure class=\"swiper-slide-inner\"><img decoding=\"async\" class=\"swiper-slide-image\" src=\"https:\/\/autocentermertens.be\/wp-content\/uploads\/2023\/10\/IMG_3775-2048x1365.jpg\" alt=\"IMG_3775\" \/><\/figure><\/div><div class=\"swiper-slide\" role=\"group\" aria-roledescription=\"slide\" aria-label=\"5 de 12\"><figure class=\"swiper-slide-inner\"><img decoding=\"async\" class=\"swiper-slide-image\" src=\"https:\/\/autocentermertens.be\/wp-content\/uploads\/2023\/10\/IMG_3770-2048x1365.jpg\" alt=\"IMG_3770\" \/><\/figure><\/div><div class=\"swiper-slide\" role=\"group\" aria-roledescription=\"slide\" aria-label=\"6 de 12\"><figure class=\"swiper-slide-inner\"><img decoding=\"async\" class=\"swiper-slide-image\" src=\"https:\/\/autocentermertens.be\/wp-content\/uploads\/2023\/10\/IMG_3771-2048x1365.jpg\" alt=\"IMG_3771\" \/><\/figure><\/div><div class=\"swiper-slide\" role=\"group\" aria-roledescription=\"slide\" aria-label=\"7 de 12\"><figure class=\"swiper-slide-inner\"><img decoding=\"async\" class=\"swiper-slide-image\" src=\"https:\/\/autocentermertens.be\/wp-content\/uploads\/2023\/10\/IMG_2798-2048x1365.jpg\" alt=\"IMG_2798\" \/><\/figure><\/div><div class=\"swiper-slide\" role=\"group\" aria-roledescription=\"slide\" aria-label=\"8 de 12\"><figure class=\"swiper-slide-inner\"><img decoding=\"async\" class=\"swiper-slide-image\" src=\"https:\/\/autocentermertens.be\/wp-content\/uploads\/2023\/10\/IMG_2767-kopie-2048x1365.jpg\" alt=\"IMG_2767 - kopie\" \/><\/figure><\/div><div class=\"swiper-slide\" role=\"group\" aria-roledescription=\"slide\" aria-label=\"9 de 12\"><figure class=\"swiper-slide-inner\"><img decoding=\"async\" class=\"swiper-slide-image\" src=\"https:\/\/autocentermertens.be\/wp-content\/uploads\/2023\/10\/IMG_2795-kopie-2048x1365.jpg\" alt=\"IMG_2795 - kopie\" \/><\/figure><\/div><div class=\"swiper-slide\" role=\"group\" aria-roledescription=\"slide\" aria-label=\"10 de 12\"><figure class=\"swiper-slide-inner\"><img decoding=\"async\" class=\"swiper-slide-image\" src=\"https:\/\/autocentermertens.be\/wp-content\/uploads\/2023\/10\/IMG_2804-2048x1365.jpg\" alt=\"IMG_2804\" \/><\/figure><\/div><div class=\"swiper-slide\" role=\"group\" aria-roledescription=\"slide\" aria-label=\"11 de 12\"><figure class=\"swiper-slide-inner\"><img decoding=\"async\" class=\"swiper-slide-image\" src=\"https:\/\/autocentermertens.be\/wp-content\/uploads\/2023\/10\/IMG_2803-kopie-2048x1365.jpg\" alt=\"IMG_2803 - kopie\" \/><\/figure><\/div><div class=\"swiper-slide\" role=\"group\" aria-roledescription=\"slide\" aria-label=\"12 de 12\"><figure class=\"swiper-slide-inner\"><img decoding=\"async\" class=\"swiper-slide-image\" src=\"https:\/\/autocentermertens.be\/wp-content\/uploads\/2023\/10\/IMG_3774-1-2048x1365.jpg\" alt=\"IMG_3774\" \/><\/figure><\/div>\t\t\t<\/div>\n\t\t\t\t\t\t\t\t\t\t\t\t<div class=\"elementor-swiper-button elementor-swiper-button-prev\" role=\"button\" tabindex=\"0\">\n\t\t\t\t\t\t<i aria-hidden=\"true\" class=\"eicon-chevron-left\"><\/i>\t\t\t\t\t<\/div>\n\t\t\t\t\t<div class=\"elementor-swiper-button elementor-swiper-button-next\" role=\"button\" tabindex=\"0\">\n\t\t\t\t\t\t<i aria-hidden=\"true\" class=\"eicon-chevron-right\"><\/i>\t\t\t\t\t<\/div>\n\t\t\t\t\n\t\t\t\t\t\t\t\t\t<div class=\"swiper-pagination\"><\/div>\n\t\t\t\t\t\t\t\t\t<\/div>\n\t\t\t\t<\/div>\n\t\t\t\t<\/div>\n\t\t\t\t\t<\/div>\n\t\t<\/div>\n\t\t\t\t\t\t\t<\/div>\n\t\t<\/section>\n\t\t\t\t<section class=\"elementor-section elementor-top-section elementor-element elementor-element-cb0ff8d elementor-section-content-middle elementor-section-boxed elementor-section-height-default elementor-section-height-default\" data-id=\"cb0ff8d\" data-element_type=\"section\">\n\t\t\t\t\t\t<div class=\"elementor-container elementor-column-gap-default\">\n\t\t\t\t\t<div class=\"elementor-column elementor-col-50 elementor-top-column elementor-element elementor-element-5501e6e\" data-id=\"5501e6e\" data-element_type=\"column\">\n\t\t\t<div class=\"elementor-widget-wrap elementor-element-populated\">\n\t\t\t\t\t\t\t\t<div class=\"elementor-element elementor-element-63acf36 elementor-widget elementor-widget-text-editor\" data-id=\"63acf36\" data-element_type=\"widget\" data-widget_type=\"text-editor.default\">\n\t\t\t\t<div class=\"elementor-widget-container\">\n\t\t\t\t\t\t\t<p class=\"p1\">En 1980 ils s\u2019octroient une nouvelle marque: Lancia, qui sera distribu\u00e9 j\u2019usquen 2002.<\/p><p class=\"p1\">En 1995 d\u00e9c\u00e8de Ren\u00e9 Mertens et son fils Stefaan Mertens le succ\u00e9d\u00e9 comme responsable commercial.<\/p><p class=\"p1\">Robert Mertens sera succ\u00e9d\u00e9 pas son fils Kurt Mertens, comme responsable de la r\u00e9ception et du service apr\u00e8s-vente. Robert Mertens s\u2019occupant de la comptabilit\u00e9.<\/p><p class=\"p1\">En 2001 le garage fut compl\u00e8tement renov\u00e9 et agrandi avec un nouveau \u2018show-room\u2019.<\/p><p class=\"p1\">Les marques suiventes furent officellement distribu\u00e9 au cours des ann\u00e9es\u00a0:<\/p><ul><li class=\"p1\">Dodge de 1948 &#8211; 1964<\/li><li class=\"p1\">Fiat de 1955 &#8211; 01\/07\/2023<\/li><li class=\"p1\">Lancia de 1980 \u2013 2002<\/li><li class=\"p1\">Alfa Romeo de 2002 \u2013 01\/10\/2015<\/li><\/ul><p class=\"p1\">Aujourd\u2019hui nous vous pr\u00e9sentons une s\u00e9lection de toutes marques.<\/p><p class=\"p1\">Depuis le 01\/10\/2015 toute les marques sont bienvenu, aussi bien dans l\u2019atelier que dans la carrosserie. Avec la connaissance en la mati\u00e8re, ainsi que pour les expertises, que nous avons acquis durant des ann\u00e9es, en toute confiance vous pouvez nous confier votre v\u00e9hicule pour r\u00e9paration ou entretien.<\/p>\t\t\t\t\t\t<\/div>\n\t\t\t\t<\/div>\n\t\t\t\t\t<\/div>\n\t\t<\/div>\n\t\t\t\t<div class=\"elementor-column elementor-col-50 elementor-top-column elementor-element elementor-element-d9e41c5\" data-id=\"d9e41c5\" data-element_type=\"column\">\n\t\t\t<div class=\"elementor-widget-wrap elementor-element-populated\">\n\t\t\t\t\t\t\t\t<section class=\"elementor-section elementor-inner-section elementor-element elementor-element-1142b40 elementor-section-boxed elementor-section-height-default elementor-section-height-default\" data-id=\"1142b40\" data-element_type=\"section\">\n\t\t\t\t\t\t<div class=\"elementor-container elementor-column-gap-default\">\n\t\t\t\t\t<div class=\"elementor-column elementor-col-50 elementor-inner-column elementor-element elementor-element-2bb93fc\" data-id=\"2bb93fc\" data-element_type=\"column\">\n\t\t\t<div class=\"elementor-widget-wrap elementor-element-populated\">\n\t\t\t\t\t\t\t\t<div class=\"elementor-element elementor-element-54c436d elementor-widget elementor-widget-image\" data-id=\"54c436d\" data-element_type=\"widget\" data-widget_type=\"image.default\">\n\t\t\t\t<div class=\"elementor-widget-container\">\n\t\t\t\t\t\t\t\t\t\t\t\t\t\t\t<img decoding=\"async\" width=\"3629\" height=\"2419\" src=\"https:\/\/autocentermertens.be\/wp-content\/uploads\/2023\/10\/IMG_3782-e1697474148919.jpg\" class=\"attachment-full size-full wp-image-672\" alt=\"\" loading=\"lazy\" \/>\t\t\t\t\t\t\t\t\t\t\t\t\t\t\t<\/div>\n\t\t\t\t<\/div>\n\t\t\t\t\t<\/div>\n\t\t<\/div>\n\t\t\t\t<div class=\"elementor-column elementor-col-50 elementor-inner-column elementor-element elementor-element-a10b4fb\" data-id=\"a10b4fb\" data-element_type=\"column\">\n\t\t\t<div class=\"elementor-widget-wrap elementor-element-populated\">\n\t\t\t\t\t\t\t\t<div class=\"elementor-element elementor-element-8027d8e elementor-widget elementor-widget-image\" data-id=\"8027d8e\" data-element_type=\"widget\" data-widget_type=\"image.default\">\n\t\t\t\t<div class=\"elementor-widget-container\">\n\t\t\t\t\t\t\t\t\t\t\t\t\t\t\t<img decoding=\"async\" width=\"1024\" height=\"683\" src=\"https:\/\/autocentermertens.be\/wp-content\/uploads\/2023\/09\/IMG_3779.jpg\" class=\"attachment-large size-large wp-image-442\" alt=\"Autocenter Mertens geschiedenis\" loading=\"lazy\" srcset=\"https:\/\/autocentermertens.be\/wp-content\/uploads\/2023\/09\/IMG_3779.jpg 1024w, https:\/\/autocentermertens.be\/wp-content\/uploads\/2023\/09\/IMG_3779-300x200.jpg 300w, https:\/\/autocentermertens.be\/wp-content\/uploads\/2023\/09\/IMG_3779-768x512.jpg 768w, https:\/\/autocentermertens.be\/wp-content\/uploads\/2023\/09\/IMG_3779-1536x1024.jpg 1536w, https:\/\/autocentermertens.be\/wp-content\/uploads\/2023\/09\/IMG_3779-2048x1365.jpg 2048w\" sizes=\"(max-width: 1024px) 100vw, 1024px\" \/>\t\t\t\t\t\t\t\t\t\t\t\t\t\t\t<\/div>\n\t\t\t\t<\/div>\n\t\t\t\t\t<\/div>\n\t\t<\/div>\n\t\t\t\t\t\t\t<\/div>\n\t\t<\/section>\n\t\t\t\t\t<\/div>\n\t\t<\/div>\n\t\t\t\t\t\t\t<\/div>\n\t\t<\/section>\n\t\t\t\t\t\t\t<\/div>\n\t\t","protected":false},"excerpt":{"rendered":"<p>Le garage fut fond\u00e9 en 1930 par Alfons Mertens et ses 2 fils, Jan et Frans,\u00a0 \u00e0 Grimbergen, chausse\u00e9 de Beigem en face de la gare du tram. En ce temps l\u00e2, c\u2019\u00e9tait un garage ind\u00e9pendant ou on faisait, l\u2019entretien et la r\u00e9paration de voitures, de camionettes et de camions. De temps \u00e0 autre se [&hellip;]<\/p>\n","protected":false},"author":2,"featured_media":0,"parent":0,"menu_order":0,"comment_status":"closed","ping_status":"closed","template":"","meta":[],"yoast_head":"<!-- This site is optimized with the Yoast SEO plugin v20.12 - https:\/\/yoast.com\/wordpress\/plugins\/seo\/ -->\n<title>Historique - Autocenter Mertens<\/title>\n<meta name=\"robots\" content=\"index, follow, max-snippet:-1, max-image-preview:large, max-video-preview:-1\" \/>\n<link rel=\"canonical\" href=\"https:\/\/autocentermertens.be\/fr\/bedrijf-geschiedenis\/\" \/>\n<meta property=\"og:locale\" content=\"fr_FR\" \/>\n<meta property=\"og:type\" content=\"article\" \/>\n<meta property=\"og:title\" content=\"Historique - Autocenter Mertens\" \/>\n<meta property=\"og:description\" content=\"Le garage fut fond\u00e9 en 1930 par Alfons Mertens et ses 2 fils, Jan et Frans,\u00a0 \u00e0 Grimbergen, chausse\u00e9 de Beigem en face de la gare du tram. En ce temps l\u00e2, c\u2019\u00e9tait un garage ind\u00e9pendant ou on faisait, l\u2019entretien et la r\u00e9paration de voitures, de camionettes et de camions. De temps \u00e0 autre se [&hellip;]\" \/>\n<meta property=\"og:url\" content=\"https:\/\/autocentermertens.be\/fr\/bedrijf-geschiedenis\/\" \/>\n<meta property=\"og:site_name\" content=\"Autocenter Mertens\" \/>\n<meta property=\"article:modified_time\" content=\"2023-10-20T06:41:52+00:00\" \/>\n<meta property=\"og:image\" content=\"https:\/\/autocentermertens.be\/wp-content\/uploads\/2023\/09\/IMG_3769.jpg\" \/>\n<meta name=\"twitter:card\" content=\"summary_large_image\" \/>\n<meta name=\"twitter:label1\" content=\"Dur\u00e9e de lecture estim\u00e9e\" \/>\n\t<meta name=\"twitter:data1\" content=\"6 minutes\" \/>\n<script type=\"application\/ld+json\" class=\"yoast-schema-graph\">{\"@context\":\"https:\/\/schema.org\",\"@graph\":[{\"@type\":\"WebPage\",\"@id\":\"https:\/\/autocentermertens.be\/fr\/bedrijf-geschiedenis\/\",\"url\":\"https:\/\/autocentermertens.be\/fr\/bedrijf-geschiedenis\/\",\"name\":\"Historique - Autocenter Mertens\",\"isPartOf\":{\"@id\":\"https:\/\/autocentermertens.be\/fr\/#website\"},\"datePublished\":\"2023-07-26T16:37:00+00:00\",\"dateModified\":\"2023-10-20T06:41:52+00:00\",\"breadcrumb\":{\"@id\":\"https:\/\/autocentermertens.be\/fr\/bedrijf-geschiedenis\/#breadcrumb\"},\"inLanguage\":\"fr-FR\",\"potentialAction\":[{\"@type\":\"ReadAction\",\"target\":[\"https:\/\/autocentermertens.be\/fr\/bedrijf-geschiedenis\/\"]}]},{\"@type\":\"BreadcrumbList\",\"@id\":\"https:\/\/autocentermertens.be\/fr\/bedrijf-geschiedenis\/#breadcrumb\",\"itemListElement\":[{\"@type\":\"ListItem\",\"position\":1,\"name\":\"Home\",\"item\":\"https:\/\/autocentermertens.be\/fr\/\"},{\"@type\":\"ListItem\",\"position\":2,\"name\":\"Historique\"}]},{\"@type\":\"WebSite\",\"@id\":\"https:\/\/autocentermertens.be\/fr\/#website\",\"url\":\"https:\/\/autocentermertens.be\/fr\/\",\"name\":\"Autocenter Mertens\",\"description\":\"\",\"publisher\":{\"@id\":\"https:\/\/autocentermertens.be\/fr\/#organization\"},\"potentialAction\":[{\"@type\":\"SearchAction\",\"target\":{\"@type\":\"EntryPoint\",\"urlTemplate\":\"https:\/\/autocentermertens.be\/fr\/?s={search_term_string}\"},\"query-input\":\"required name=search_term_string\"}],\"inLanguage\":\"fr-FR\"},{\"@type\":\"Organization\",\"@id\":\"https:\/\/autocentermertens.be\/fr\/#organization\",\"name\":\"Autocenter Mertens\",\"url\":\"https:\/\/autocentermertens.be\/fr\/\",\"logo\":{\"@type\":\"ImageObject\",\"inLanguage\":\"fr-FR\",\"@id\":\"https:\/\/autocentermertens.be\/fr\/#\/schema\/logo\/image\/\",\"url\":\"https:\/\/autocentermertens.be\/wp-content\/uploads\/2022\/07\/logo_Mertens_zonder_logos-e1694528589440.png\",\"contentUrl\":\"https:\/\/autocentermertens.be\/wp-content\/uploads\/2022\/07\/logo_Mertens_zonder_logos-e1694528589440.png\",\"width\":650,\"height\":271,\"caption\":\"Autocenter Mertens\"},\"image\":{\"@id\":\"https:\/\/autocentermertens.be\/fr\/#\/schema\/logo\/image\/\"}}]}<\/script>\n<!-- \/ Yoast SEO plugin. -->","yoast_head_json":{"title":"Historique - Autocenter Mertens","robots":{"index":"index","follow":"follow","max-snippet":"max-snippet:-1","max-image-preview":"max-image-preview:large","max-video-preview":"max-video-preview:-1"},"canonical":"https:\/\/autocentermertens.be\/fr\/bedrijf-geschiedenis\/","og_locale":"fr_FR","og_type":"article","og_title":"Historique - Autocenter Mertens","og_description":"Le garage fut fond\u00e9 en 1930 par Alfons Mertens et ses 2 fils, Jan et Frans,\u00a0 \u00e0 Grimbergen, chausse\u00e9 de Beigem en face de la gare du tram. En ce temps l\u00e2, c\u2019\u00e9tait un garage ind\u00e9pendant ou on faisait, l\u2019entretien et la r\u00e9paration de voitures, de camionettes et de camions. De temps \u00e0 autre se [&hellip;]","og_url":"https:\/\/autocentermertens.be\/fr\/bedrijf-geschiedenis\/","og_site_name":"Autocenter Mertens","article_modified_time":"2023-10-20T06:41:52+00:00","og_image":[{"url":"https:\/\/autocentermertens.be\/wp-content\/uploads\/2023\/09\/IMG_3769.jpg"}],"twitter_card":"summary_large_image","twitter_misc":{"Dur\u00e9e de lecture estim\u00e9e":"6 minutes"},"schema":{"@context":"https:\/\/schema.org","@graph":[{"@type":"WebPage","@id":"https:\/\/autocentermertens.be\/fr\/bedrijf-geschiedenis\/","url":"https:\/\/autocentermertens.be\/fr\/bedrijf-geschiedenis\/","name":"Historique - Autocenter Mertens","isPartOf":{"@id":"https:\/\/autocentermertens.be\/fr\/#website"},"datePublished":"2023-07-26T16:37:00+00:00","dateModified":"2023-10-20T06:41:52+00:00","breadcrumb":{"@id":"https:\/\/autocentermertens.be\/fr\/bedrijf-geschiedenis\/#breadcrumb"},"inLanguage":"fr-FR","potentialAction":[{"@type":"ReadAction","target":["https:\/\/autocentermertens.be\/fr\/bedrijf-geschiedenis\/"]}]},{"@type":"BreadcrumbList","@id":"https:\/\/autocentermertens.be\/fr\/bedrijf-geschiedenis\/#breadcrumb","itemListElement":[{"@type":"ListItem","position":1,"name":"Home","item":"https:\/\/autocentermertens.be\/fr\/"},{"@type":"ListItem","position":2,"name":"Historique"}]},{"@type":"WebSite","@id":"https:\/\/autocentermertens.be\/fr\/#website","url":"https:\/\/autocentermertens.be\/fr\/","name":"Autocenter Mertens","description":"","publisher":{"@id":"https:\/\/autocentermertens.be\/fr\/#organization"},"potentialAction":[{"@type":"SearchAction","target":{"@type":"EntryPoint","urlTemplate":"https:\/\/autocentermertens.be\/fr\/?s={search_term_string}"},"query-input":"required name=search_term_string"}],"inLanguage":"fr-FR"},{"@type":"Organization","@id":"https:\/\/autocentermertens.be\/fr\/#organization","name":"Autocenter Mertens","url":"https:\/\/autocentermertens.be\/fr\/","logo":{"@type":"ImageObject","inLanguage":"fr-FR","@id":"https:\/\/autocentermertens.be\/fr\/#\/schema\/logo\/image\/","url":"https:\/\/autocentermertens.be\/wp-content\/uploads\/2022\/07\/logo_Mertens_zonder_logos-e1694528589440.png","contentUrl":"https:\/\/autocentermertens.be\/wp-content\/uploads\/2022\/07\/logo_Mertens_zonder_logos-e1694528589440.png","width":650,"height":271,"caption":"Autocenter Mertens"},"image":{"@id":"https:\/\/autocentermertens.be\/fr\/#\/schema\/logo\/image\/"}}]}},"_links":{"self":[{"href":"https:\/\/autocentermertens.be\/fr\/wp-json\/wp\/v2\/pages\/523"}],"collection":[{"href":"https:\/\/autocentermertens.be\/fr\/wp-json\/wp\/v2\/pages"}],"about":[{"href":"https:\/\/autocentermertens.be\/fr\/wp-json\/wp\/v2\/types\/page"}],"author":[{"embeddable":true,"href":"https:\/\/autocentermertens.be\/fr\/wp-json\/wp\/v2\/users\/2"}],"replies":[{"embeddable":true,"href":"https:\/\/autocentermertens.be\/fr\/wp-json\/wp\/v2\/comments?post=523"}],"version-history":[{"count":16,"href":"https:\/\/autocentermertens.be\/fr\/wp-json\/wp\/v2\/pages\/523\/revisions"}],"predecessor-version":[{"id":963,"href":"https:\/\/autocentermertens.be\/fr\/wp-json\/wp\/v2\/pages\/523\/revisions\/963"}],"wp:attachment":[{"href":"https:\/\/autocentermertens.be\/fr\/wp-json\/wp\/v2\/media?parent=523"}],"curies":[{"name":"wp","href":"https:\/\/api.w.org\/{rel}","templated":true}]}}