{"id":320,"date":"2020-01-06T15:50:32","date_gmt":"2020-01-06T14:50:32","guid":{"rendered":"https:\/\/autocentermertens.be\/?page_id=320"},"modified":"2023-08-01T09:22:33","modified_gmt":"2023-08-01T08:22:33","slug":"privacy","status":"publish","type":"page","link":"https:\/\/autocentermertens.be\/fr\/privacy\/","title":{"rendered":"Privacy"},"content":{"rendered":"\t\t<div data-elementor-type=\"wp-page\" data-elementor-id=\"320\" class=\"elementor elementor-320 elementor-62\" data-elementor-post-type=\"page\">\n\t\t\t\t\t\t\t\t\t<section class=\"elementor-section elementor-top-section elementor-element elementor-element-57c86b70 elementor-section-boxed elementor-section-height-default elementor-section-height-default\" data-id=\"57c86b70\" data-element_type=\"section\">\n\t\t\t\t\t\t<div class=\"elementor-container elementor-column-gap-default\">\n\t\t\t\t\t<div class=\"elementor-column elementor-col-100 elementor-top-column elementor-element elementor-element-5a0fb64a\" data-id=\"5a0fb64a\" data-element_type=\"column\">\n\t\t\t<div class=\"elementor-widget-wrap elementor-element-populated\">\n\t\t\t\t\t\t\t\t<div class=\"elementor-element elementor-element-74bebc0 elementor-widget elementor-widget-text-editor\" data-id=\"74bebc0\" data-element_type=\"widget\" data-widget_type=\"text-editor.default\">\n\t\t\t\t<div class=\"elementor-widget-container\">\n\t\t\t<style>\/*! elementor - v3.14.0 - 26-06-2023 *\/\n.elementor-widget-text-editor.elementor-drop-cap-view-stacked .elementor-drop-cap{background-color:#69727d;color:#fff}.elementor-widget-text-editor.elementor-drop-cap-view-framed .elementor-drop-cap{color:#69727d;border:3px solid;background-color:transparent}.elementor-widget-text-editor:not(.elementor-drop-cap-view-default) .elementor-drop-cap{margin-top:8px}.elementor-widget-text-editor:not(.elementor-drop-cap-view-default) .elementor-drop-cap-letter{width:1em;height:1em}.elementor-widget-text-editor .elementor-drop-cap{float:left;text-align:center;line-height:1;font-size:50px}.elementor-widget-text-editor .elementor-drop-cap-letter{display:inline-block}<\/style>\t\t\t\t<div class=\"wp-block-siteorigin-panels-layout-block\"><div id=\"pl-62\" class=\"panel-layout\"><div id=\"pg-62-0\" class=\"panel-grid panel-has-style\"><div class=\"rij1_privacy rij1 panel-row-style panel-row-style-for-62-0\"><div id=\"pgc-62-0-0\" class=\"panel-grid-cell\"><div id=\"panel-62-0-0-0\" class=\"so-panel widget widget_sow-editor panel-first-child panel-last-child\" data-index=\"0\"><div class=\"so-widget-sow-editor so-widget-sow-editor-base\"><div class=\"siteorigin-widget-tinymce textwidget\"><h1>Confidentialit\u00e9 et cookies<\/h1><p>Autocenter Mertens, dont le si\u00e8ge social est situ\u00e9 Driesstraat 138, 1861 Wolvertem, s&rsquo;engage \u00e0 respecter et \u00e0 se conformer soigneusement \u00e0 la l\u00e9gislation europ\u00e9enne AVG (General Data Protection Regulation)\u00b9 sur la protection des donn\u00e9es \u00e0 caract\u00e8re personnel. Cette r\u00e9glementation est d&rsquo;application depuis le 25 mai 2018. Les donn\u00e9es personnelles seront trait\u00e9es conform\u00e9ment \u00e0 cette l\u00e9gislation.<\/p><h2>Votre consentement<\/h2><p>Autocenter Mertens ne traite les donn\u00e9es personnelles que pour se conformer \u00e0 une obligation l\u00e9gale ou si elles ont \u00e9t\u00e9 fournies pour l&rsquo;ex\u00e9cution d&rsquo;un contrat. Par cons\u00e9quent, vous autorisez express\u00e9ment Autocenter Mertens \u00e0 traiter vos donn\u00e9es personnelles aux fins pr\u00e9vues. Les donn\u00e9es \u00e0 caract\u00e8re personnel ne sont trait\u00e9es que dans des environnements et des syst\u00e8mes s\u00e9curis\u00e9s. Ceux-ci ne sont pas accessibles au public. Tous nos employ\u00e9s re\u00e7oivent \u00e9galement des directives claires et sont sensibilis\u00e9s \u00e0 la mani\u00e8re de traiter vos donn\u00e9es personnelles.<\/p><h2>Utilisation de vos donn\u00e9es personnelles<\/h2><p><strong>Autocenter Mertens garantit que :<\/strong><\/p><ul><li>vos donn\u00e9es personnelles sont collect\u00e9es et trait\u00e9es uniquement dans le but d&rsquo;ex\u00e9cuter la mission que vous avez demand\u00e9e ou de fournir des services juridiques ;<\/li><li>vos donn\u00e9es personnelles ne seront trait\u00e9es que dans un pays appartenant \u00e0 l&rsquo;Union europ\u00e9enne ;<\/li><li>le traitement de vos donn\u00e9es \u00e0 caract\u00e8re personnel est limit\u00e9 \u00e0 la finalit\u00e9 pr\u00e9vue ;<\/li><li>vos donn\u00e9es \u00e0 caract\u00e8re personnel ne seront conserv\u00e9es que pendant la dur\u00e9e de la prestation de services, \u00e0 moins qu&rsquo;une p\u00e9riode de conservation plus longue ne soit requise par la loi ;<\/li><li>vos donn\u00e9es personnelles ne peuvent \u00eatre communiqu\u00e9es \u00e0 d&rsquo;autres organisations que pour se conformer \u00e0 des obligations l\u00e9gales ou \u00e0 la demande expresse des autorit\u00e9s judiciaires ou des forces de police ;<\/li><li>Dans aucun autre cas, vos donn\u00e9es personnelles ne seront transmises \u00e0 des tiers, ni utilis\u00e9es \u00e0 des fins de marketing direct ;<\/li><\/ul><p><strong>Vos droits en tant que personne concern\u00e9e<\/strong><\/p><ul><li>Vous avez toujours le droit (l\u00e9gal) de consulter vos donn\u00e9es personnelles.<\/li><li>Vous avez toujours le droit (l\u00e9gal) de compl\u00e9ter ou de corriger tout ou partie de vos donn\u00e9es personnelles. Si l&rsquo;Autocenter Mertens n&rsquo;a plus de raison l\u00e9gale de poursuivre le traitement de vos donn\u00e9es, ou si vos donn\u00e9es ne sont plus n\u00e9cessaires \u00e0 la prestation du service pr\u00e9vu, vous avez le droit de demander la suppression de vos donn\u00e9es \u00e0 caract\u00e8re personnel.<\/li><\/ul><h2>Questions concernant le traitement des donn\u00e9es personnelles<\/h2><p>Les questions concernant le traitement de vos donn\u00e9es personnelles ou les demandes concernant les donn\u00e9es que nous traitons pour vous peuvent \u00eatre adress\u00e9es au directeur. Vous pouvez le faire par courrier \u00e0 l&rsquo;adresse Driesstraat 138, 1861 Wolvertem, ou en envoyant un e-mail \u00e0 info@autocentermertens.be. Nous nous engageons \u00e0 r\u00e9pondre \u00e0 votre question ou \u00e0 votre demande dans un d\u00e9lai de 20 jours ouvrables.<\/p><p>Si vous estimez que vos donn\u00e9es sont trait\u00e9es de mani\u00e8re ill\u00e9gale, vous pouvez \u00e9galement contacter \u00e0 tout moment la CBPL (Commission pour la protection de la vie priv\u00e9e), \u00e9galement appel\u00e9e Commission de la protection de la vie priv\u00e9e, en utilisant l&rsquo;adresse \u00e9lectronique commission@privacycommission.be.<\/p><p>\u00b9 R\u00e8glement (UE) 2016\/679 du Parlement europ\u00e9en et du Conseil du 27 avril 2016 relatif \u00e0 la protection des personnes physiques \u00e0 l&rsquo;\u00e9gard du traitement des donn\u00e9es \u00e0 caract\u00e8re personnel et \u00e0 la libre circulation de ces donn\u00e9es.<\/p><\/div><\/div><\/div><\/div><\/div><\/div><\/div><\/div>\t\t\t\t\t\t<\/div>\n\t\t\t\t<\/div>\n\t\t\t\t\t<\/div>\n\t\t<\/div>\n\t\t\t\t\t\t\t<\/div>\n\t\t<\/section>\n\t\t\t\t\t\t\t<\/div>\n\t\t","protected":false},"excerpt":{"rendered":"<p>Confidentialit\u00e9 et cookies Autocenter Mertens, dont le si\u00e8ge social est situ\u00e9 Driesstraat 138, 1861 Wolvertem, s&rsquo;engage \u00e0 respecter et \u00e0 se conformer soigneusement \u00e0 la l\u00e9gislation europ\u00e9enne AVG (General Data Protection Regulation)\u00b9 sur la protection des donn\u00e9es \u00e0 caract\u00e8re personnel. Cette r\u00e9glementation est d&rsquo;application depuis le 25 mai 2018. Les donn\u00e9es personnelles seront trait\u00e9es conform\u00e9ment [&hellip;]<\/p>\n","protected":false},"author":2,"featured_media":0,"parent":0,"menu_order":0,"comment_status":"closed","ping_status":"closed","template":"","meta":[],"yoast_head":"<!-- This site is optimized with the Yoast SEO plugin v20.12 - https:\/\/yoast.com\/wordpress\/plugins\/seo\/ -->\n<title>Privacy - Autocenter Mertens<\/title>\n<meta name=\"robots\" content=\"index, follow, max-snippet:-1, max-image-preview:large, max-video-preview:-1\" \/>\n<link rel=\"canonical\" href=\"https:\/\/autocentermertens.be\/fr\/privacy\/\" \/>\n<meta property=\"og:locale\" content=\"fr_FR\" \/>\n<meta property=\"og:type\" content=\"article\" \/>\n<meta property=\"og:title\" content=\"Privacy - Autocenter Mertens\" \/>\n<meta property=\"og:description\" content=\"Confidentialit\u00e9 et cookies Autocenter Mertens, dont le si\u00e8ge social est situ\u00e9 Driesstraat 138, 1861 Wolvertem, s&rsquo;engage \u00e0 respecter et \u00e0 se conformer soigneusement \u00e0 la l\u00e9gislation europ\u00e9enne AVG (General Data Protection Regulation)\u00b9 sur la protection des donn\u00e9es \u00e0 caract\u00e8re personnel. Cette r\u00e9glementation est d&rsquo;application depuis le 25 mai 2018. Les donn\u00e9es personnelles seront trait\u00e9es conform\u00e9ment [&hellip;]\" \/>\n<meta property=\"og:url\" content=\"https:\/\/autocentermertens.be\/fr\/privacy\/\" \/>\n<meta property=\"og:site_name\" content=\"Autocenter Mertens\" \/>\n<meta property=\"article:modified_time\" content=\"2023-08-01T08:22:33+00:00\" \/>\n<meta name=\"twitter:card\" content=\"summary_large_image\" \/>\n<meta name=\"twitter:label1\" content=\"Dur\u00e9e de lecture estim\u00e9e\" \/>\n\t<meta name=\"twitter:data1\" content=\"3 minutes\" \/>\n<script type=\"application\/ld+json\" class=\"yoast-schema-graph\">{\"@context\":\"https:\/\/schema.org\",\"@graph\":[{\"@type\":\"WebPage\",\"@id\":\"https:\/\/autocentermertens.be\/fr\/privacy\/\",\"url\":\"https:\/\/autocentermertens.be\/fr\/privacy\/\",\"name\":\"Privacy - Autocenter Mertens\",\"isPartOf\":{\"@id\":\"https:\/\/autocentermertens.be\/fr\/#website\"},\"datePublished\":\"2020-01-06T14:50:32+00:00\",\"dateModified\":\"2023-08-01T08:22:33+00:00\",\"breadcrumb\":{\"@id\":\"https:\/\/autocentermertens.be\/fr\/privacy\/#breadcrumb\"},\"inLanguage\":\"fr-FR\",\"potentialAction\":[{\"@type\":\"ReadAction\",\"target\":[\"https:\/\/autocentermertens.be\/fr\/privacy\/\"]}]},{\"@type\":\"BreadcrumbList\",\"@id\":\"https:\/\/autocentermertens.be\/fr\/privacy\/#breadcrumb\",\"itemListElement\":[{\"@type\":\"ListItem\",\"position\":1,\"name\":\"Home\",\"item\":\"https:\/\/autocentermertens.be\/fr\/\"},{\"@type\":\"ListItem\",\"position\":2,\"name\":\"Privacy\"}]},{\"@type\":\"WebSite\",\"@id\":\"https:\/\/autocentermertens.be\/fr\/#website\",\"url\":\"https:\/\/autocentermertens.be\/fr\/\",\"name\":\"Autocenter Mertens\",\"description\":\"\",\"publisher\":{\"@id\":\"https:\/\/autocentermertens.be\/fr\/#organization\"},\"potentialAction\":[{\"@type\":\"SearchAction\",\"target\":{\"@type\":\"EntryPoint\",\"urlTemplate\":\"https:\/\/autocentermertens.be\/fr\/?s={search_term_string}\"},\"query-input\":\"required name=search_term_string\"}],\"inLanguage\":\"fr-FR\"},{\"@type\":\"Organization\",\"@id\":\"https:\/\/autocentermertens.be\/fr\/#organization\",\"name\":\"Autocenter Mertens\",\"url\":\"https:\/\/autocentermertens.be\/fr\/\",\"logo\":{\"@type\":\"ImageObject\",\"inLanguage\":\"fr-FR\",\"@id\":\"https:\/\/autocentermertens.be\/fr\/#\/schema\/logo\/image\/\",\"url\":\"https:\/\/autocentermertens.be\/wp-content\/uploads\/2022\/07\/logo_Mertens_zonder_logos-e1694528589440.png\",\"contentUrl\":\"https:\/\/autocentermertens.be\/wp-content\/uploads\/2022\/07\/logo_Mertens_zonder_logos-e1694528589440.png\",\"width\":650,\"height\":271,\"caption\":\"Autocenter Mertens\"},\"image\":{\"@id\":\"https:\/\/autocentermertens.be\/fr\/#\/schema\/logo\/image\/\"}}]}<\/script>\n<!-- \/ Yoast SEO plugin. -->","yoast_head_json":{"title":"Privacy - Autocenter Mertens","robots":{"index":"index","follow":"follow","max-snippet":"max-snippet:-1","max-image-preview":"max-image-preview:large","max-video-preview":"max-video-preview:-1"},"canonical":"https:\/\/autocentermertens.be\/fr\/privacy\/","og_locale":"fr_FR","og_type":"article","og_title":"Privacy - Autocenter Mertens","og_description":"Confidentialit\u00e9 et cookies Autocenter Mertens, dont le si\u00e8ge social est situ\u00e9 Driesstraat 138, 1861 Wolvertem, s&rsquo;engage \u00e0 respecter et \u00e0 se conformer soigneusement \u00e0 la l\u00e9gislation europ\u00e9enne AVG (General Data Protection Regulation)\u00b9 sur la protection des donn\u00e9es \u00e0 caract\u00e8re personnel. Cette r\u00e9glementation est d&rsquo;application depuis le 25 mai 2018. Les donn\u00e9es personnelles seront trait\u00e9es conform\u00e9ment [&hellip;]","og_url":"https:\/\/autocentermertens.be\/fr\/privacy\/","og_site_name":"Autocenter Mertens","article_modified_time":"2023-08-01T08:22:33+00:00","twitter_card":"summary_large_image","twitter_misc":{"Dur\u00e9e de lecture estim\u00e9e":"3 minutes"},"schema":{"@context":"https:\/\/schema.org","@graph":[{"@type":"WebPage","@id":"https:\/\/autocentermertens.be\/fr\/privacy\/","url":"https:\/\/autocentermertens.be\/fr\/privacy\/","name":"Privacy - Autocenter Mertens","isPartOf":{"@id":"https:\/\/autocentermertens.be\/fr\/#website"},"datePublished":"2020-01-06T14:50:32+00:00","dateModified":"2023-08-01T08:22:33+00:00","breadcrumb":{"@id":"https:\/\/autocentermertens.be\/fr\/privacy\/#breadcrumb"},"inLanguage":"fr-FR","potentialAction":[{"@type":"ReadAction","target":["https:\/\/autocentermertens.be\/fr\/privacy\/"]}]},{"@type":"BreadcrumbList","@id":"https:\/\/autocentermertens.be\/fr\/privacy\/#breadcrumb","itemListElement":[{"@type":"ListItem","position":1,"name":"Home","item":"https:\/\/autocentermertens.be\/fr\/"},{"@type":"ListItem","position":2,"name":"Privacy"}]},{"@type":"WebSite","@id":"https:\/\/autocentermertens.be\/fr\/#website","url":"https:\/\/autocentermertens.be\/fr\/","name":"Autocenter Mertens","description":"","publisher":{"@id":"https:\/\/autocentermertens.be\/fr\/#organization"},"potentialAction":[{"@type":"SearchAction","target":{"@type":"EntryPoint","urlTemplate":"https:\/\/autocentermertens.be\/fr\/?s={search_term_string}"},"query-input":"required name=search_term_string"}],"inLanguage":"fr-FR"},{"@type":"Organization","@id":"https:\/\/autocentermertens.be\/fr\/#organization","name":"Autocenter Mertens","url":"https:\/\/autocentermertens.be\/fr\/","logo":{"@type":"ImageObject","inLanguage":"fr-FR","@id":"https:\/\/autocentermertens.be\/fr\/#\/schema\/logo\/image\/","url":"https:\/\/autocentermertens.be\/wp-content\/uploads\/2022\/07\/logo_Mertens_zonder_logos-e1694528589440.png","contentUrl":"https:\/\/autocentermertens.be\/wp-content\/uploads\/2022\/07\/logo_Mertens_zonder_logos-e1694528589440.png","width":650,"height":271,"caption":"Autocenter Mertens"},"image":{"@id":"https:\/\/autocentermertens.be\/fr\/#\/schema\/logo\/image\/"}}]}},"_links":{"self":[{"href":"https:\/\/autocentermertens.be\/fr\/wp-json\/wp\/v2\/pages\/320"}],"collection":[{"href":"https:\/\/autocentermertens.be\/fr\/wp-json\/wp\/v2\/pages"}],"about":[{"href":"https:\/\/autocentermertens.be\/fr\/wp-json\/wp\/v2\/types\/page"}],"author":[{"embeddable":true,"href":"https:\/\/autocentermertens.be\/fr\/wp-json\/wp\/v2\/users\/2"}],"replies":[{"embeddable":true,"href":"https:\/\/autocentermertens.be\/fr\/wp-json\/wp\/v2\/comments?post=320"}],"version-history":[{"count":4,"href":"https:\/\/autocentermertens.be\/fr\/wp-json\/wp\/v2\/pages\/320\/revisions"}],"predecessor-version":[{"id":324,"href":"https:\/\/autocentermertens.be\/fr\/wp-json\/wp\/v2\/pages\/320\/revisions\/324"}],"wp:attachment":[{"href":"https:\/\/autocentermertens.be\/fr\/wp-json\/wp\/v2\/media?parent=320"}],"curies":[{"name":"wp","href":"https:\/\/api.w.org\/{rel}","templated":true}]}}