{"id":299,"date":"2023-07-26T17:37:29","date_gmt":"2023-07-26T16:37:29","guid":{"rendered":"https:\/\/autocentermertens.be\/?page_id=299"},"modified":"2024-07-25T12:59:17","modified_gmt":"2024-07-25T11:59:17","slug":"offre","status":"publish","type":"page","link":"https:\/\/autocentermertens.be\/fr\/offre\/","title":{"rendered":"Offre"},"content":{"rendered":"\t\t<div data-elementor-type=\"wp-page\" data-elementor-id=\"299\" class=\"elementor elementor-299 elementor-121\" data-elementor-post-type=\"page\">\n\t\t\t\t\t\t\t\t\t<section class=\"elementor-section elementor-top-section elementor-element elementor-element-a449fb3 elementor-section-boxed elementor-section-height-default elementor-section-height-default\" data-id=\"a449fb3\" data-element_type=\"section\">\n\t\t\t\t\t\t<div class=\"elementor-container elementor-column-gap-default\">\n\t\t\t\t\t<div class=\"elementor-column elementor-col-100 elementor-top-column elementor-element elementor-element-37e08fa\" data-id=\"37e08fa\" data-element_type=\"column\">\n\t\t\t<div class=\"elementor-widget-wrap elementor-element-populated\">\n\t\t\t\t\t\t\t\t<div class=\"elementor-element elementor-element-c197912 elementor-widget elementor-widget-html\" data-id=\"c197912\" data-element_type=\"widget\" data-widget_type=\"html.default\">\n\t\t\t\t<div class=\"elementor-widget-container\">\n\t\t\t<iframe height=\"1200px\" src=\"\nhttps:\/\/traders.stocklistdealer.eu\/website\/eyJpdiI6IllpWXRxLzBFU29NVkx6NnQ0Y3ozSmc9PSIsInZhbHVlIjoicE55SE9ybUlVRjkxUGpENE9CL0F3UT09IiwibWFjIjoiYzZmMTMyMzA5YTI5YjJkMDI1NWVkYTkwMTU5MTQwZTc2OTRkYjY1YjU5MWM4NzkwYjI5NDM2OGQyNGI1ZjkxNyIsInRhZyI6IiJ9?lang=fr\" title=\"Autocenter Mertens\"><\/iframe>\t\t<\/div>\n\t\t\t\t<\/div>\n\t\t\t\t\t<\/div>\n\t\t<\/div>\n\t\t\t\t\t\t\t<\/div>\n\t\t<\/section>\n\t\t\t\t<section class=\"elementor-section elementor-top-section elementor-element elementor-element-564a51d elementor-section-height-min-height rij5_home elementor-section-boxed elementor-section-height-default elementor-section-items-middle\" data-id=\"564a51d\" data-element_type=\"section\" data-settings=\"{&quot;background_background&quot;:&quot;classic&quot;}\">\n\t\t\t\t\t\t\t<div class=\"elementor-background-overlay\"><\/div>\n\t\t\t\t\t\t\t<div class=\"elementor-container elementor-column-gap-default\">\n\t\t\t\t\t<div class=\"elementor-column elementor-col-100 elementor-top-column elementor-element elementor-element-7c24946\" data-id=\"7c24946\" data-element_type=\"column\">\n\t\t\t<div class=\"elementor-widget-wrap elementor-element-populated\">\n\t\t\t\t\t\t\t\t<div class=\"elementor-element elementor-element-b8afbb2 elementor-widget elementor-widget-heading\" data-id=\"b8afbb2\" data-element_type=\"widget\" data-widget_type=\"heading.default\">\n\t\t\t\t<div class=\"elementor-widget-container\">\n\t\t\t<style>\/*! elementor - v3.14.0 - 26-06-2023 *\/\n.elementor-heading-title{padding:0;margin:0;line-height:1}.elementor-widget-heading .elementor-heading-title[class*=elementor-size-]>a{color:inherit;font-size:inherit;line-height:inherit}.elementor-widget-heading .elementor-heading-title.elementor-size-small{font-size:15px}.elementor-widget-heading .elementor-heading-title.elementor-size-medium{font-size:19px}.elementor-widget-heading .elementor-heading-title.elementor-size-large{font-size:29px}.elementor-widget-heading .elementor-heading-title.elementor-size-xl{font-size:39px}.elementor-widget-heading .elementor-heading-title.elementor-size-xxl{font-size:59px}<\/style><h3 class=\"elementor-heading-title elementor-size-default\">Ne trouvez-vous pas le v\u00e9hicule dans notre offre?<\/h3>\t\t<\/div>\n\t\t\t\t<\/div>\n\t\t\t\t<div class=\"elementor-element elementor-element-6fb9ef5 elementor-widget elementor-widget-heading\" data-id=\"6fb9ef5\" data-element_type=\"widget\" data-widget_type=\"heading.default\">\n\t\t\t\t<div class=\"elementor-widget-container\">\n\t\t\t<h2 class=\"elementor-heading-title elementor-size-default\">Communiquer le, et nous vous aiderons \u00e0 chercher le v\u00e9hicule  que vous souhaiter.<\/h2>\t\t<\/div>\n\t\t\t\t<\/div>\n\t\t\t\t<div class=\"elementor-element elementor-element-511bb30 elementor-align-center elementor-mobile-align-left elementor-widget elementor-widget-button\" data-id=\"511bb30\" data-element_type=\"widget\" data-widget_type=\"button.default\">\n\t\t\t\t<div class=\"elementor-widget-container\">\n\t\t\t\t\t<div class=\"elementor-button-wrapper\">\n\t\t\t<a class=\"elementor-button elementor-button-link elementor-size-lg\" href=\"https:\/\/autocentermertens.be\/fr\/contact\/\">\n\t\t\t\t\t\t<span class=\"elementor-button-content-wrapper\">\n\t\t\t\t\t\t<span class=\"elementor-button-icon elementor-align-icon-right\">\n\t\t\t\t<i aria-hidden=\"true\" class=\"fas fa-arrow-right\"><\/i>\t\t\t<\/span>\n\t\t\t\t\t\t<span class=\"elementor-button-text\">Contactez nous<\/span>\n\t\t<\/span>\n\t\t\t\t\t<\/a>\n\t\t<\/div>\n\t\t\t\t<\/div>\n\t\t\t\t<\/div>\n\t\t\t\t\t<\/div>\n\t\t<\/div>\n\t\t\t\t\t\t\t<\/div>\n\t\t<\/section>\n\t\t\t\t\t\t\t<\/div>\n\t\t","protected":false},"excerpt":{"rendered":"<p>Ne trouvez-vous pas le v\u00e9hicule dans notre offre? Communiquer le, et nous vous aiderons \u00e0 chercher le v\u00e9hicule que vous souhaiter. Contactez nous<\/p>\n","protected":false},"author":2,"featured_media":0,"parent":0,"menu_order":0,"comment_status":"closed","ping_status":"closed","template":"","meta":[],"yoast_head":"<!-- This site is optimized with the Yoast SEO plugin v20.12 - https:\/\/yoast.com\/wordpress\/plugins\/seo\/ -->\n<title>Offre - Autocenter Mertens<\/title>\n<meta name=\"robots\" content=\"index, follow, max-snippet:-1, max-image-preview:large, max-video-preview:-1\" \/>\n<link rel=\"canonical\" href=\"https:\/\/autocentermertens.be\/fr\/offre\/\" \/>\n<meta property=\"og:locale\" content=\"fr_FR\" \/>\n<meta property=\"og:type\" content=\"article\" \/>\n<meta property=\"og:title\" content=\"Offre - Autocenter Mertens\" \/>\n<meta property=\"og:description\" content=\"Ne trouvez-vous pas le v\u00e9hicule dans notre offre? Communiquer le, et nous vous aiderons \u00e0 chercher le v\u00e9hicule que vous souhaiter. Contactez nous\" \/>\n<meta property=\"og:url\" content=\"https:\/\/autocentermertens.be\/fr\/offre\/\" \/>\n<meta property=\"og:site_name\" content=\"Autocenter Mertens\" \/>\n<meta property=\"article:modified_time\" content=\"2024-07-25T11:59:17+00:00\" \/>\n<meta name=\"twitter:card\" content=\"summary_large_image\" \/>\n<meta name=\"twitter:label1\" content=\"Dur\u00e9e de lecture estim\u00e9e\" \/>\n\t<meta name=\"twitter:data1\" content=\"1 minute\" \/>\n<script type=\"application\/ld+json\" class=\"yoast-schema-graph\">{\"@context\":\"https:\/\/schema.org\",\"@graph\":[{\"@type\":\"WebPage\",\"@id\":\"https:\/\/autocentermertens.be\/fr\/offre\/\",\"url\":\"https:\/\/autocentermertens.be\/fr\/offre\/\",\"name\":\"Offre - Autocenter Mertens\",\"isPartOf\":{\"@id\":\"https:\/\/autocentermertens.be\/fr\/#website\"},\"datePublished\":\"2023-07-26T16:37:29+00:00\",\"dateModified\":\"2024-07-25T11:59:17+00:00\",\"breadcrumb\":{\"@id\":\"https:\/\/autocentermertens.be\/fr\/offre\/#breadcrumb\"},\"inLanguage\":\"fr-FR\",\"potentialAction\":[{\"@type\":\"ReadAction\",\"target\":[\"https:\/\/autocentermertens.be\/fr\/offre\/\"]}]},{\"@type\":\"BreadcrumbList\",\"@id\":\"https:\/\/autocentermertens.be\/fr\/offre\/#breadcrumb\",\"itemListElement\":[{\"@type\":\"ListItem\",\"position\":1,\"name\":\"Home\",\"item\":\"https:\/\/autocentermertens.be\/fr\/\"},{\"@type\":\"ListItem\",\"position\":2,\"name\":\"Offre\"}]},{\"@type\":\"WebSite\",\"@id\":\"https:\/\/autocentermertens.be\/fr\/#website\",\"url\":\"https:\/\/autocentermertens.be\/fr\/\",\"name\":\"Autocenter Mertens\",\"description\":\"\",\"publisher\":{\"@id\":\"https:\/\/autocentermertens.be\/fr\/#organization\"},\"potentialAction\":[{\"@type\":\"SearchAction\",\"target\":{\"@type\":\"EntryPoint\",\"urlTemplate\":\"https:\/\/autocentermertens.be\/fr\/?s={search_term_string}\"},\"query-input\":\"required name=search_term_string\"}],\"inLanguage\":\"fr-FR\"},{\"@type\":\"Organization\",\"@id\":\"https:\/\/autocentermertens.be\/fr\/#organization\",\"name\":\"Autocenter Mertens\",\"url\":\"https:\/\/autocentermertens.be\/fr\/\",\"logo\":{\"@type\":\"ImageObject\",\"inLanguage\":\"fr-FR\",\"@id\":\"https:\/\/autocentermertens.be\/fr\/#\/schema\/logo\/image\/\",\"url\":\"https:\/\/autocentermertens.be\/wp-content\/uploads\/2022\/07\/logo_Mertens_zonder_logos-e1694528589440.png\",\"contentUrl\":\"https:\/\/autocentermertens.be\/wp-content\/uploads\/2022\/07\/logo_Mertens_zonder_logos-e1694528589440.png\",\"width\":650,\"height\":271,\"caption\":\"Autocenter Mertens\"},\"image\":{\"@id\":\"https:\/\/autocentermertens.be\/fr\/#\/schema\/logo\/image\/\"}}]}<\/script>\n<!-- \/ Yoast SEO plugin. -->","yoast_head_json":{"title":"Offre - Autocenter Mertens","robots":{"index":"index","follow":"follow","max-snippet":"max-snippet:-1","max-image-preview":"max-image-preview:large","max-video-preview":"max-video-preview:-1"},"canonical":"https:\/\/autocentermertens.be\/fr\/offre\/","og_locale":"fr_FR","og_type":"article","og_title":"Offre - Autocenter Mertens","og_description":"Ne trouvez-vous pas le v\u00e9hicule dans notre offre? Communiquer le, et nous vous aiderons \u00e0 chercher le v\u00e9hicule que vous souhaiter. Contactez nous","og_url":"https:\/\/autocentermertens.be\/fr\/offre\/","og_site_name":"Autocenter Mertens","article_modified_time":"2024-07-25T11:59:17+00:00","twitter_card":"summary_large_image","twitter_misc":{"Dur\u00e9e de lecture estim\u00e9e":"1 minute"},"schema":{"@context":"https:\/\/schema.org","@graph":[{"@type":"WebPage","@id":"https:\/\/autocentermertens.be\/fr\/offre\/","url":"https:\/\/autocentermertens.be\/fr\/offre\/","name":"Offre - Autocenter Mertens","isPartOf":{"@id":"https:\/\/autocentermertens.be\/fr\/#website"},"datePublished":"2023-07-26T16:37:29+00:00","dateModified":"2024-07-25T11:59:17+00:00","breadcrumb":{"@id":"https:\/\/autocentermertens.be\/fr\/offre\/#breadcrumb"},"inLanguage":"fr-FR","potentialAction":[{"@type":"ReadAction","target":["https:\/\/autocentermertens.be\/fr\/offre\/"]}]},{"@type":"BreadcrumbList","@id":"https:\/\/autocentermertens.be\/fr\/offre\/#breadcrumb","itemListElement":[{"@type":"ListItem","position":1,"name":"Home","item":"https:\/\/autocentermertens.be\/fr\/"},{"@type":"ListItem","position":2,"name":"Offre"}]},{"@type":"WebSite","@id":"https:\/\/autocentermertens.be\/fr\/#website","url":"https:\/\/autocentermertens.be\/fr\/","name":"Autocenter Mertens","description":"","publisher":{"@id":"https:\/\/autocentermertens.be\/fr\/#organization"},"potentialAction":[{"@type":"SearchAction","target":{"@type":"EntryPoint","urlTemplate":"https:\/\/autocentermertens.be\/fr\/?s={search_term_string}"},"query-input":"required name=search_term_string"}],"inLanguage":"fr-FR"},{"@type":"Organization","@id":"https:\/\/autocentermertens.be\/fr\/#organization","name":"Autocenter Mertens","url":"https:\/\/autocentermertens.be\/fr\/","logo":{"@type":"ImageObject","inLanguage":"fr-FR","@id":"https:\/\/autocentermertens.be\/fr\/#\/schema\/logo\/image\/","url":"https:\/\/autocentermertens.be\/wp-content\/uploads\/2022\/07\/logo_Mertens_zonder_logos-e1694528589440.png","contentUrl":"https:\/\/autocentermertens.be\/wp-content\/uploads\/2022\/07\/logo_Mertens_zonder_logos-e1694528589440.png","width":650,"height":271,"caption":"Autocenter Mertens"},"image":{"@id":"https:\/\/autocentermertens.be\/fr\/#\/schema\/logo\/image\/"}}]}},"_links":{"self":[{"href":"https:\/\/autocentermertens.be\/fr\/wp-json\/wp\/v2\/pages\/299"}],"collection":[{"href":"https:\/\/autocentermertens.be\/fr\/wp-json\/wp\/v2\/pages"}],"about":[{"href":"https:\/\/autocentermertens.be\/fr\/wp-json\/wp\/v2\/types\/page"}],"author":[{"embeddable":true,"href":"https:\/\/autocentermertens.be\/fr\/wp-json\/wp\/v2\/users\/2"}],"replies":[{"embeddable":true,"href":"https:\/\/autocentermertens.be\/fr\/wp-json\/wp\/v2\/comments?post=299"}],"version-history":[{"count":16,"href":"https:\/\/autocentermertens.be\/fr\/wp-json\/wp\/v2\/pages\/299\/revisions"}],"predecessor-version":[{"id":1118,"href":"https:\/\/autocentermertens.be\/fr\/wp-json\/wp\/v2\/pages\/299\/revisions\/1118"}],"wp:attachment":[{"href":"https:\/\/autocentermertens.be\/fr\/wp-json\/wp\/v2\/media?parent=299"}],"curies":[{"name":"wp","href":"https:\/\/api.w.org\/{rel}","templated":true}]}}